{"id":1402,"date":"2023-01-02T11:57:25","date_gmt":"2023-01-02T11:57:25","guid":{"rendered":"https:\/\/delegargroup.com\/index.php\/contact\/"},"modified":"2025-02-06T17:39:47","modified_gmt":"2025-02-06T16:39:47","slug":"contact","status":"publish","type":"page","link":"https:\/\/delegargroup.com\/index.php\/contact\/","title":{"rendered":"Contacto"},"content":{"rendered":"\n<div class=\"wp-block-uagb-container uagb-block-6b0ad7da alignfull uagb-is-root-container\"><div class=\"uagb-container-inner-blocks-wrap\">\n<div class=\"wp-block-uagb-advanced-heading uagb-block-f13928af\"><h1 class=\"uagb-heading-text\">Cont\u00e1ctanos<\/h1><\/div>\n<\/div><\/div>\n\n\n\n<div class=\"wp-block-uagb-container uag-blocks-common-selector uagb-block-95dfdc6e alignfull uagb-is-root-container\"><div class=\"uagb-container-inner-blocks-wrap\">\n<div class=\"wp-block-uagb-container uag-blocks-common-selector uagb-block-33a47033\">\n<div class=\"wp-block-uagb-advanced-heading uagb-block-e78a1f36\"><h3 class=\"uagb-heading-text\">Asesoramiento y presupuesto gratuitos<\/h3><\/div>\n\n\n\n<div class=\"wp-block-columns is-layout-flex wp-container-core-columns-is-layout-059203fb wp-block-columns-is-layout-flex\" style=\"padding-top:var(--wp--preset--spacing--60);padding-right:var(--wp--preset--spacing--60);padding-bottom:var(--wp--preset--spacing--60);padding-left:var(--wp--preset--spacing--60)\">\n<div class=\"wp-block-column is-layout-flow wp-block-column-is-layout-flow\" style=\"padding-top:0em;padding-right:0em;padding-bottom:0em;padding-left:0em\">\n<div class=\"wp-block-uagb-image uagb-block-7372df4a wp-block-uagb-image--layout-default wp-block-uagb-image--effect-static wp-block-uagb-image--align-none\"><figure class=\"wp-block-uagb-image__figure\"><img loading=\"lazy\" decoding=\"async\" srcset=\"http:\/\/delegargroup.com\/wp-content\/uploads\/2024\/04\/puerto-madero-buenos-aires-business-2428501-1024x682.jpg \" sizes=\"auto, (max-width: 480px) 150px\" src=\"http:\/\/delegargroup.com\/wp-content\/uploads\/2024\/04\/puerto-madero-buenos-aires-business-2428501-1024x682.jpg\" alt=\"puerto madero, buenos aires, business-2428501.jpg\" class=\"uag-image-2019\" width=\"1024\" height=\"682\" title=\"\" loading=\"lazy\"\/><\/figure><\/div>\n<\/div>\n\n\n\n<div class=\"wp-block-column is-vertically-aligned-top is-layout-flow wp-block-column-is-layout-flow\" style=\"padding-top:0em;padding-right:0em;padding-bottom:0em;padding-left:0em\">\n<div class=\"wp-block-uagb-advanced-heading uagb-block-53e1dc87\"><h5 class=\"uagb-heading-text\">Encontranos en:<\/h5><\/div>\n\n\n\n<div class=\"wp-block-uagb-advanced-heading uagb-block-42de85b9\"><h6 class=\"uagb-heading-text\">Tel\u00e9fono de Contacto:<\/h6><p class=\"uagb-desc-text\"><a href=\"tel:+541157585973\" target=\"_blank\" rel=\"noopener\" title=\"+541154743649\">+54115<\/a>7585973<\/p><\/div>\n\n\n\n<div class=\"wp-block-uagb-advanced-heading uagb-block-d730c8e0\"><h6 class=\"uagb-heading-text\">Localidad:<\/h6><p class=\"uagb-desc-text\">Ciudad Aut\u00f3noma de Buenos Aires<\/p><\/div>\n<\/div>\n<\/div>\n<\/div>\n<\/div><\/div>\n","protected":false},"excerpt":{"rendered":"<p>Cont\u00e1ctanos Asesoramiento y presupuesto gratuitos Encontranos en: Tel\u00e9fono de Contacto: +541157585973 Localidad: Ciudad Aut\u00f3noma de Buenos Aires<\/p>\n","protected":false},"author":1,"featured_media":0,"parent":0,"menu_order":0,"comment_status":"closed","ping_status":"closed","template":"","meta":{"om_disable_all_campaigns":false,"_uag_custom_page_level_css":"","_mi_skip_tracking":false,"_monsterinsights_sitenote_active":false,"_monsterinsights_sitenote_note":"","_monsterinsights_sitenote_category":0,"site-sidebar-layout":"default","site-content-layout":"page-builder","ast-global-header-display":"","ast-banner-title-visibility":"","ast-main-header-display":"","ast-hfb-above-header-display":"","ast-hfb-below-header-display":"","ast-hfb-mobile-header-display":"","site-post-title":"disabled","ast-breadcrumbs-content":"","ast-featured-img":"","footer-sml-layout":"","theme-transparent-header-meta":"","adv-header-id-meta":"","stick-header-meta":"","header-above-stick-meta":"","header-main-stick-meta":"","header-below-stick-meta":"","footnotes":""},"class_list":["post-1402","page","type-page","status-publish","hentry"],"aioseo_notices":[],"uagb_featured_image_src":{"full":false,"thumbnail":false,"medium":false,"medium_large":false,"large":false,"1536x1536":false,"2048x2048":false},"uagb_author_info":{"display_name":"delegargroup.com","author_link":"https:\/\/delegargroup.com\/index.php\/author\/delegargroup-com\/"},"uagb_comment_info":0,"uagb_excerpt":"Cont\u00e1ctanos Asesoramiento y presupuesto gratuitos Encontranos en: Tel\u00e9fono de Contacto: +541157585973 Localidad: Ciudad Aut\u00f3noma de Buenos Aires","_links":{"self":[{"href":"https:\/\/delegargroup.com\/index.php\/wp-json\/wp\/v2\/pages\/1402","targetHints":{"allow":["GET"]}}],"collection":[{"href":"https:\/\/delegargroup.com\/index.php\/wp-json\/wp\/v2\/pages"}],"about":[{"href":"https:\/\/delegargroup.com\/index.php\/wp-json\/wp\/v2\/types\/page"}],"author":[{"embeddable":true,"href":"https:\/\/delegargroup.com\/index.php\/wp-json\/wp\/v2\/users\/1"}],"replies":[{"embeddable":true,"href":"https:\/\/delegargroup.com\/index.php\/wp-json\/wp\/v2\/comments?post=1402"}],"version-history":[{"count":30,"href":"https:\/\/delegargroup.com\/index.php\/wp-json\/wp\/v2\/pages\/1402\/revisions"}],"predecessor-version":[{"id":2349,"href":"https:\/\/delegargroup.com\/index.php\/wp-json\/wp\/v2\/pages\/1402\/revisions\/2349"}],"wp:attachment":[{"href":"https:\/\/delegargroup.com\/index.php\/wp-json\/wp\/v2\/media?parent=1402"}],"curies":[{"name":"wp","href":"https:\/\/api.w.org\/{rel}","templated":true}]}}