{"id":1399,"date":"2023-01-02T11:57:25","date_gmt":"2023-01-02T11:57:25","guid":{"rendered":"https:\/\/delegargroup.com\/index.php\/about-us\/"},"modified":"2025-02-06T17:42:46","modified_gmt":"2025-02-06T16:42:46","slug":"about-us","status":"publish","type":"page","link":"https:\/\/delegargroup.com\/index.php\/about-us\/","title":{"rendered":"Sobre nosotros"},"content":{"rendered":"\n<div class=\"wp-block-uagb-container uagb-block-bde1c80e alignfull uagb-is-root-container\"><div class=\"uagb-container-inner-blocks-wrap\">\n<div class=\"wp-block-uagb-advanced-heading uagb-block-95b2635d\"><h1 class=\"uagb-heading-text\">Delegar Group<\/h1><\/div>\n<\/div><\/div>\n\n\n\n<div class=\"wp-block-uagb-container uagb-block-deecbe8e alignfull uagb-is-root-container\"><div class=\"uagb-container-inner-blocks-wrap\">\n<div class=\"wp-block-uagb-container uagb-block-e2991c82\">\n<div class=\"wp-block-uagb-advanced-heading uagb-block-5166b091\"><h2 class=\"uagb-heading-text\">30 a\u00f1os de experiencia<\/h2><p class=\"uagb-desc-text\">Con m\u00e1s de 30 a\u00f1os de experiencia, Delegar Group se ha consolidado como una empresa l\u00edder en el sector de mantenimiento y reparaciones urgentes en Buenos Aires. Durante estas tres d\u00e9cadas, hemos brindado un servicio de m\u00e1xima calidad y confiabilidad, estando disponibles los 7 d\u00edas de la semana y los 365 d\u00edas del a\u00f1o. Nuestro equipo de operarios altamente capacitados cuenta con unidades m\u00f3viles estrat\u00e9gicamente ubicadas en casi toda la provincia de Buenos Aires y Capital Federal, lo que nos permite llegar a su ubicaci\u00f3n en tan solo 20 minutos. Estamos comprometidos con la excelencia en cada trabajo que realizamos y utilizamos los mejores materiales del mercado. Con Delegar Group, puede tener la tranquilidad de contar con profesionales con amplia experiencia y un historial comprobado de satisfacci\u00f3n del cliente.<\/p><\/div>\n\n\n\n<div class=\"wp-block-uagb-container uagb-block-7638d662\">\n<div class=\"wp-block-columns is-layout-flex wp-container-core-columns-is-layout-28f84493 wp-block-columns-is-layout-flex\">\n<div class=\"wp-block-column is-layout-flow wp-block-column-is-layout-flow\" style=\"flex-basis:33.33%\">\n<div data-aos= \"fade-right\" data-aos-duration=\"400\" data-aos-delay=\"0\" data-aos-easing=\"ease\" data-aos-once=\"true\" class=\"wp-block-uagb-info-box uagb-block-634c5c87 uagb-infobox__content-wrap  uagb-infobox-icon-above-title uagb-infobox-image-valign-top\"><div class=\"uagb-ifb-content\"><div class=\"uagb-ifb-icon-wrap\"><svg xmlns=\"https:\/\/www.w3.org\/2000\/svg\" viewBox=\"0 0 576 512\"><path d=\"M384 160C366.3 160 352 145.7 352 128C352 110.3 366.3 96 384 96H544C561.7 96 576 110.3 576 128V288C576 305.7 561.7 320 544 320C526.3 320 512 305.7 512 288V205.3L342.6 374.6C330.1 387.1 309.9 387.1 297.4 374.6L191.1 269.3L54.63 406.6C42.13 419.1 21.87 419.1 9.372 406.6C-3.124 394.1-3.124 373.9 9.372 361.4L169.4 201.4C181.9 188.9 202.1 188.9 214.6 201.4L320 306.7L466.7 159.1L384 160z\"><\/path><\/svg><\/div><div class=\"uagb-ifb-title-wrap\"><h3 class=\"uagb-ifb-title\">30 a\u00f1os de experiencia<\/h3><\/div><p class=\"uagb-ifb-desc\">Somos una empresa con experiencia ya establecida en el rubro hace 30 a\u00f1os.<\/p><\/div><\/div>\n<\/div>\n\n\n\n<div class=\"wp-block-column is-layout-flow wp-block-column-is-layout-flow\" style=\"flex-basis:33.33%\">\n<div data-aos= \"fade-up\" data-aos-duration=\"400\" data-aos-delay=\"0\" data-aos-easing=\"ease\" data-aos-once=\"true\" class=\"wp-block-uagb-info-box uagb-block-306f45c6 uagb-infobox__content-wrap  uagb-infobox-icon-above-title uagb-infobox-image-valign-top\"><div class=\"uagb-ifb-content\"><div class=\"uagb-ifb-icon-wrap\"><svg xmlns=\"https:\/\/www.w3.org\/2000\/svg\" viewBox=\"0 0 640 512\"><path d=\"M184 88C184 118.9 158.9 144 128 144C97.07 144 72 118.9 72 88C72 57.07 97.07 32 128 32C158.9 32 184 57.07 184 88zM208.4 196.3C178.7 222.7 160 261.2 160 304C160 338.3 171.1 369.8 192 394.5V416C192 433.7 177.7 448 160 448H96C78.33 448 64 433.7 64 416V389.2C26.16 371.2 0 332.7 0 288C0 226.1 50.14 176 112 176H144C167.1 176 190.2 183.5 208.4 196.3V196.3zM64 245.7C54.04 256.9 48 271.8 48 288C48 304.2 54.04 319.1 64 330.3V245.7zM448 416V394.5C468 369.8 480 338.3 480 304C480 261.2 461.3 222.7 431.6 196.3C449.8 183.5 472 176 496 176H528C589.9 176 640 226.1 640 288C640 332.7 613.8 371.2 576 389.2V416C576 433.7 561.7 448 544 448H480C462.3 448 448 433.7 448 416zM576 330.3C585.1 319.1 592 304.2 592 288C592 271.8 585.1 256.9 576 245.7V330.3zM568 88C568 118.9 542.9 144 512 144C481.1 144 456 118.9 456 88C456 57.07 481.1 32 512 32C542.9 32 568 57.07 568 88zM256 96C256 60.65 284.7 32 320 32C355.3 32 384 60.65 384 96C384 131.3 355.3 160 320 160C284.7 160 256 131.3 256 96zM448 304C448 348.7 421.8 387.2 384 405.2V448C384 465.7 369.7 480 352 480H288C270.3 480 256 465.7 256 448V405.2C218.2 387.2 192 348.7 192 304C192 242.1 242.1 192 304 192H336C397.9 192 448 242.1 448 304zM256 346.3V261.7C246 272.9 240 287.8 240 304C240 320.2 246 335.1 256 346.3zM384 261.7V346.3C393.1 335 400 320.2 400 304C400 287.8 393.1 272.9 384 261.7z\"><\/path><\/svg><\/div><div class=\"uagb-ifb-title-wrap\"><h3 class=\"uagb-ifb-title\">Equipo profesional capacitado<\/h3><\/div><p class=\"uagb-ifb-desc\">Contamos con un equipo altamente capacitado y con amplia experiencia en mantenimiento y reparaciones.<\/p><\/div><\/div>\n<\/div>\n\n\n\n<div class=\"wp-block-column is-layout-flow wp-block-column-is-layout-flow\" style=\"flex-basis:33.33%\">\n<div data-aos= \"fade-left\" data-aos-duration=\"400\" data-aos-delay=\"0\" data-aos-easing=\"ease\" data-aos-once=\"true\" class=\"wp-block-uagb-info-box uagb-block-1d06eb3e uagb-infobox__content-wrap  uagb-infobox-icon-above-title uagb-infobox-image-valign-top\"><div class=\"uagb-ifb-content\"><div class=\"uagb-ifb-icon-wrap\"><svg xmlns=\"https:\/\/www.w3.org\/2000\/svg\" viewBox=\"0 0 640 512\"><path d=\"M112 0C85.49 0 64 21.49 64 48V96H16C7.163 96 0 103.2 0 112C0 120.8 7.163 128 16 128H272C280.8 128 288 135.2 288 144C288 152.8 280.8 160 272 160H48C39.16 160 32 167.2 32 176C32 184.8 39.16 192 48 192H240C248.8 192 256 199.2 256 208C256 216.8 248.8 224 240 224H16C7.163 224 0 231.2 0 240C0 248.8 7.163 256 16 256H208C216.8 256 224 263.2 224 272C224 280.8 216.8 288 208 288H64V416C64 469 106.1 512 160 512C213 512 256 469 256 416H384C384 469 426.1 512 480 512C533 512 576 469 576 416H608C625.7 416 640 401.7 640 384C640 366.3 625.7 352 608 352V237.3C608 220.3 601.3 204 589.3 192L512 114.7C499.1 102.7 483.7 96 466.7 96H416V48C416 21.49 394.5 0 368 0H112zM544 237.3V256H416V160H466.7L544 237.3zM160 464C133.5 464 112 442.5 112 416C112 389.5 133.5 368 160 368C186.5 368 208 389.5 208 416C208 442.5 186.5 464 160 464zM528 416C528 442.5 506.5 464 480 464C453.5 464 432 442.5 432 416C432 389.5 453.5 368 480 368C506.5 368 528 389.5 528 416z\"><\/path><\/svg><\/div><div class=\"uagb-ifb-title-wrap\"><h3 class=\"uagb-ifb-title\">Respuesta r\u00e1pida<\/h3><\/div><p class=\"uagb-ifb-desc\">Nos destacamos por nuestra capacidad de respuesta inmediata.<\/p><\/div><\/div>\n<\/div>\n<\/div>\n<\/div>\n<\/div>\n\n\n\n<div class=\"wp-block-uagb-container uagb-block-f36c7838\">\n<div class=\"wp-block-uagb-tabs uagb-block-a8abbb7e uagb-tabs__wrap uagb-tabs__hstyle3-desktop uagb-tabs__hstyle1-tablet uagb-tabs__stack2-mobile\" data-tab-active=\"0\"><ul class=\"uagb-tabs__panel uagb-tabs__align-left\" role=\"tablist\"><li class=\"uagb-tab uagb-tabs__active\" role=\"none\"><a href=\"#uagb-tabs__tab0\" class=\"uagb-tabs-list uagb-tabs__icon-position-left\" data-tab=\"0\" role=\"tab\">Misi\u00f3n<\/a><\/li><li class=\"uagb-tab \" role=\"none\"><a href=\"#uagb-tabs__tab1\" class=\"uagb-tabs-list uagb-tabs__icon-position-left\" data-tab=\"1\" role=\"tab\">Visi\u00f3n<\/a><\/li><li class=\"uagb-tab \" role=\"none\"><a href=\"#uagb-tabs__tab2\" class=\"uagb-tabs-list uagb-tabs__icon-position-left\" data-tab=\"2\" role=\"tab\">Valores<\/a><\/li><\/ul><div class=\"uagb-tabs__body-wrap\">\n<div class=\"wp-block-uagb-tabs-child uagb-tabs__body-container uagb-inner-tab-0\" aria-labelledby=\"uagb-tabs__tab0\">\n<p>Nuestra misi\u00f3n en Delegar Group es proporcionar servicios de mantenimiento y reparaciones urgentes con la m\u00e1s alta calidad y eficiencia. Buscamos ser la soluci\u00f3n confiable y oportuna para nuestros clientes en Barcelona, brindando asistencia r\u00e1pida y profesional en cualquier momento que nos necesiten. Nuestro objetivo es superar las expectativas de nuestros clientes, ofreciendo un servicio personalizado, precios competitivos y una atenci\u00f3n al cliente excepcional. Trabajamos con dedicaci\u00f3n y pasi\u00f3n para garantizar la satisfacci\u00f3n total de cada persona que conf\u00eda en nosotros.<\/p>\n<\/div>\n\n\n\n<div class=\"wp-block-uagb-tabs-child uagb-tabs__body-container uagb-inner-tab-1\" aria-labelledby=\"uagb-tabs__tab1\">\n<p>En Delegar Group, nuestra visi\u00f3n es convertirnos en la empresa l\u00edder indiscutible en servicios de mantenimiento y reparaciones urgentes en Barcelona. Nos esforzamos por ser reconocidos por nuestra excelencia en el servicio, la confiabilidad de nuestras soluciones y la respuesta r\u00e1pida a las necesidades de nuestros clientes. Queremos ser la primera opci\u00f3n para aquellos que buscan profesionales altamente capacitados, servicios de calidad y una atenci\u00f3n personalizada. Aspiramos a expandir nuestra presencia y ofrecer nuestros servicios a un n\u00famero cada vez mayor de clientes, manteniendo siempre nuestros altos est\u00e1ndares de calidad.<\/p>\n<\/div>\n\n\n\n<div class=\"wp-block-uagb-tabs-child uagb-tabs__body-container uagb-inner-tab-2\" aria-labelledby=\"uagb-tabs__tab2\">\n<p>Nuestro compromiso se basa en valores fundamentales como el profesionalismo, la integridad, la calidad, la atenci\u00f3n al cliente y la innovaci\u00f3n. Buscamos superar las expectativas de nuestros clientes, proporcionando soluciones confiables y personalizadas. Con Delegar Group, obtendr\u00e1 un servicio excepcional respaldado por d\u00e9cadas de experiencia y un enfoque centrado en la excelencia.<\/p>\n<\/div>\n<\/div><\/div>\n<\/div>\n<\/div><\/div>\n\n\n\n<div class=\"wp-block-uagb-container uagb-block-12892c88 alignfull uagb-is-root-container\"><div class=\"uagb-container-inner-blocks-wrap\">\n<div class=\"wp-block-uagb-container uagb-block-c9239ceb\">\n<div data-aos= \"fade-right\" data-aos-duration=\"400\" data-aos-delay=\"0\" data-aos-easing=\"ease\" data-aos-once=\"true\" class=\"wp-block-uagb-image uagb-block-86c8453b wp-block-uagb-image--layout-default wp-block-uagb-image--effect-static wp-block-uagb-image--align-none\"><figure class=\"wp-block-uagb-image__figure\"><img loading=\"lazy\" decoding=\"async\" srcset=\"https:\/\/delegargroup.com\/wp-content\/uploads\/2023\/06\/fontaneria-albanileria-electricidad-11-910x1024.jpg , https:\/\/delegargroup.com\/wp-content\/uploads\/2023\/06\/fontaneria-albanileria-electricidad-11-910x1024.jpg 360w\" sizes=\"auto, (max-width: 480px) 150px\" src=\"https:\/\/delegargroup.com\/wp-content\/uploads\/2023\/06\/fontaneria-albanileria-electricidad-11-910x1024.jpg\" alt=\"\" class=\"uag-image-1768\" width=\"910\" height=\"1024\" title=\"\" loading=\"lazy\"\/><\/figure><\/div>\n<\/div>\n\n\n\n<div class=\"wp-block-uagb-container uagb-block-daac3435\">\n<div class=\"wp-block-uagb-advanced-heading uagb-block-ebd14611\"><h6 class=\"uagb-heading-text\">\u00bfPor qu\u00e9 elegirnos?<\/h6><p class=\"uagb-desc-text\">Brindamos el mejor servicio tanto para emergencias como para trabajos no urgentes.<\/p><\/div>\n\n\n\n<div class=\"wp-block-uagb-icon-list uagb-block-7bda2806\"><div class=\"uagb-icon-list__wrap\">\n<div class=\"wp-block-uagb-icon-list-child uagb-block-11dbef6b\"><span class=\"uagb-icon-list__source-wrap\"><svg xmlns=\"https:\/\/www.w3.org\/2000\/svg\" viewBox=\"0 0 448 512\"><path d=\"M246.6 233.4l-160-160c-12.5-12.5-32.75-12.5-45.25 0s-12.5 32.75 0 45.25L178.8 256l-137.4 137.4c-12.5 12.5-12.5 32.75 0 45.25C47.63 444.9 55.81 448 64 448s16.38-3.125 22.62-9.375l160-160C259.1 266.1 259.1 245.9 246.6 233.4zM438.6 233.4l-160-160c-12.5-12.5-32.75-12.5-45.25 0s-12.5 32.75 0 45.25L370.8 256l-137.4 137.4c-12.5 12.5-12.5 32.75 0 45.25C239.6 444.9 247.8 448 256 448s16.38-3.125 22.62-9.375l160-160C451.1 266.1 451.1 245.9 438.6 233.4z\"><\/path><\/svg><\/span><span class=\"uagb-icon-list__label\">Unidades m\u00f3viles en toda la provincia de Buenos Aires, lo que nos permite llegar en <strong>20 minutos.<\/strong><\/span><\/div>\n\n\n\n<div class=\"wp-block-uagb-icon-list-child uagb-block-a88ee59b\"><span class=\"uagb-icon-list__source-wrap\"><svg xmlns=\"https:\/\/www.w3.org\/2000\/svg\" viewBox=\"0 0 448 512\"><path d=\"M246.6 233.4l-160-160c-12.5-12.5-32.75-12.5-45.25 0s-12.5 32.75 0 45.25L178.8 256l-137.4 137.4c-12.5 12.5-12.5 32.75 0 45.25C47.63 444.9 55.81 448 64 448s16.38-3.125 22.62-9.375l160-160C259.1 266.1 259.1 245.9 246.6 233.4zM438.6 233.4l-160-160c-12.5-12.5-32.75-12.5-45.25 0s-12.5 32.75 0 45.25L370.8 256l-137.4 137.4c-12.5 12.5-12.5 32.75 0 45.25C239.6 444.9 247.8 448 256 448s16.38-3.125 22.62-9.375l160-160C451.1 266.1 451.1 245.9 438.6 233.4z\"><\/path><\/svg><\/span><span class=\"uagb-icon-list__label\"><strong>Profesionales<\/strong> altamente capacitados.<\/span><\/div>\n\n\n\n<div class=\"wp-block-uagb-icon-list-child uagb-block-0ccfb9d1\"><span class=\"uagb-icon-list__source-wrap\"><svg xmlns=\"https:\/\/www.w3.org\/2000\/svg\" viewBox=\"0 0 448 512\"><path d=\"M246.6 233.4l-160-160c-12.5-12.5-32.75-12.5-45.25 0s-12.5 32.75 0 45.25L178.8 256l-137.4 137.4c-12.5 12.5-12.5 32.75 0 45.25C47.63 444.9 55.81 448 64 448s16.38-3.125 22.62-9.375l160-160C259.1 266.1 259.1 245.9 246.6 233.4zM438.6 233.4l-160-160c-12.5-12.5-32.75-12.5-45.25 0s-12.5 32.75 0 45.25L370.8 256l-137.4 137.4c-12.5 12.5-12.5 32.75 0 45.25C239.6 444.9 247.8 448 256 448s16.38-3.125 22.62-9.375l160-160C451.1 266.1 451.1 245.9 438.6 233.4z\"><\/path><\/svg><\/span><span class=\"uagb-icon-list__label\">Miles de <strong>clientes satisfechos<\/strong> que nos abalan y nos ayudan a crecer para seguir mejorando.<\/span><\/div>\n\n\n\n<div class=\"wp-block-uagb-icon-list-child uagb-block-3dd1ae4f\"><span class=\"uagb-icon-list__source-wrap\"><svg xmlns=\"https:\/\/www.w3.org\/2000\/svg\" viewBox=\"0 0 448 512\"><path d=\"M246.6 233.4l-160-160c-12.5-12.5-32.75-12.5-45.25 0s-12.5 32.75 0 45.25L178.8 256l-137.4 137.4c-12.5 12.5-12.5 32.75 0 45.25C47.63 444.9 55.81 448 64 448s16.38-3.125 22.62-9.375l160-160C259.1 266.1 259.1 245.9 246.6 233.4zM438.6 233.4l-160-160c-12.5-12.5-32.75-12.5-45.25 0s-12.5 32.75 0 45.25L370.8 256l-137.4 137.4c-12.5 12.5-12.5 32.75 0 45.25C239.6 444.9 247.8 448 256 448s16.38-3.125 22.62-9.375l160-160C451.1 266.1 451.1 245.9 438.6 233.4z\"><\/path><\/svg><\/span><span class=\"uagb-icon-list__label\">Contamos con m\u00e1s de<strong> 30 a\u00f1os de experiencia<\/strong> en el rubro.<\/span><\/div>\n<\/div><\/div>\n<\/div>\n<\/div><\/div>\n\n\n\n<div class=\"wp-block-uagb-container uagb-block-4732c181 alignfull uagb-is-root-container\"><div class=\"uagb-container-inner-blocks-wrap\">\n<div class=\"wp-block-uagb-call-to-action uagb-block-09571e56 wp-block-button\"><div class=\"uagb-cta__wrap\"><h2 class=\"uagb-cta__title\">\u00bfTen\u00e9s una consulta?<\/h2><p class=\"uagb-cta__desc\">Escribinos a nuestro correo tus dudas y sugerencias.<\/p><\/div><div class=\"uagb-cta__buttons\"><a href=\"wa.link\/2buf10\" class=\"uagb-cta__button-link-wrapper wp-block-button__link\" target=\"_blank\" rel=\"noopener noreferrer\">Contactanos<svg xmlns=\"https:\/\/www.w3.org\/2000\/svg\" viewBox=\"0 0 448 512\"><path d=\"M380.9 97.1C339 55.1 283.2 32 223.9 32c-122.4 0-222 99.6-222 222 0 39.1 10.2 77.3 29.6 111L0 480l117.7-30.9c32.4 17.7 68.9 27 106.1 27h.1c122.3 0 224.1-99.6 224.1-222 0-59.3-25.2-115-67.1-157zm-157 341.6c-33.2 0-65.7-8.9-94-25.7l-6.7-4-69.8 18.3L72 359.2l-4.4-7c-18.5-29.4-28.2-63.3-28.2-98.2 0-101.7 82.8-184.5 184.6-184.5 49.3 0 95.6 19.2 130.4 54.1 34.8 34.9 56.2 81.2 56.1 130.5 0 101.8-84.9 184.6-186.6 184.6zm101.2-138.2c-5.5-2.8-32.8-16.2-37.9-18-5.1-1.9-8.8-2.8-12.5 2.8-3.7 5.6-14.3 18-17.6 21.8-3.2 3.7-6.5 4.2-12 1.4-32.6-16.3-54-29.1-75.5-66-5.7-9.8 5.7-9.1 16.3-30.3 1.8-3.7 .9-6.9-.5-9.7-1.4-2.8-12.5-30.1-17.1-41.2-4.5-10.8-9.1-9.3-12.5-9.5-3.2-.2-6.9-.2-10.6-.2-3.7 0-9.7 1.4-14.8 6.9-5.1 5.6-19.4 19-19.4 46.3 0 27.3 19.9 53.7 22.6 57.4 2.8 3.7 39.1 59.7 94.8 83.8 35.2 15.2 49 16.5 66.6 13.9 10.7-1.6 32.8-13.4 37.4-26.4 4.6-13 4.6-24.1 3.2-26.4-1.3-2.5-5-3.9-10.5-6.6z\"><\/path><\/svg><\/a><\/div><\/div>\n<\/div><\/div>\n\n\n\n<div class=\"inherit-container-width wp-block-group has-ast-global-color-4-background-color has-background is-layout-constrained wp-container-core-group-is-layout-7c038760 wp-block-group-is-layout-constrained\" style=\"padding-top:var(--wp--preset--spacing--60);padding-right:var(--wp--preset--spacing--40);padding-bottom:var(--wp--preset--spacing--40);padding-left:var(--wp--preset--spacing--40)\">\n<div class=\"wp-block-uagb-advanced-heading uagb-block-8a937216\"><h2 class=\"uagb-heading-text\">Zonas de Cobertura<\/h2><\/div>\n\n\n\n<div class=\"wp-block-uagb-separator uagb-block-ffd2ba95 wp-block-uagb-separator--icon\"><div class=\"wp-block-uagb-separator__inner\" style=\"--my-background-image:\"><div class=\"wp-block-uagb-separator-element\"><svg xmlns=\"https:\/\/www.w3.org\/2000\/svg\" viewBox=\"0 0 512 512\"><path d=\"M0 256C0 114.6 114.6 0 256 0C397.4 0 512 114.6 512 256C512 397.4 397.4 512 256 512C114.6 512 0 397.4 0 256zM371.8 211.8C382.7 200.9 382.7 183.1 371.8 172.2C360.9 161.3 343.1 161.3 332.2 172.2L224 280.4L179.8 236.2C168.9 225.3 151.1 225.3 140.2 236.2C129.3 247.1 129.3 264.9 140.2 275.8L204.2 339.8C215.1 350.7 232.9 350.7 243.8 339.8L371.8 211.8z\"><\/path><\/svg><\/div><\/div><\/div>\n\n\n\n<div class=\"wp-block-columns is-layout-flex wp-container-core-columns-is-layout-28f84493 wp-block-columns-is-layout-flex\">\n<div class=\"wp-block-column is-layout-flow wp-block-column-is-layout-flow\" style=\"padding-top:2em;padding-right:2em;padding-bottom:2em;padding-left:2em\">\n<div class=\"wp-block-uagb-advanced-heading uagb-block-996f32b5\"><h6 class=\"uagb-heading-text\">Zonas donde ofrecemos nuestro servicio en Gran Buenos Aires<\/h6><\/div>\n\n\n\n<p><strong>GBA, Zona Norte<\/strong> San Isidro, Vicente L\u00f3pez, Olivos, San Mart\u00edn, San Fernando, El tiGRE, El Talar, Don Torcuato, Martinez, Boulogne, Munro, Villa Ballester, Omb\u00fa, Churruca, El Palomar, Caseros, Santos Lugares, Del Viso, Pilar, Nordelta, Maztwichz, Pacheco, Escobar, Cardaes, Beccar, Zona Norte, Capilla del Se\u00f1or, F\u00e1tima y muchos m\u00e1s.<\/p>\n\n\n\n<figure class=\"wp-block-image size-full is-resized is-style-default\"><img fetchpriority=\"high\" decoding=\"async\" src=\"https:\/\/delegargroup.com\/wp-content\/uploads\/2024\/04\/image-37-01-1.png\" alt=\"\" class=\"wp-image-2080\" width=\"234\" height=\"214\" srcset=\"https:\/\/delegargroup.com\/wp-content\/uploads\/2024\/04\/image-37-01-1.png 934w, https:\/\/delegargroup.com\/wp-content\/uploads\/2024\/04\/image-37-01-1-300x275.png 300w, https:\/\/delegargroup.com\/wp-content\/uploads\/2024\/04\/image-37-01-1-768x703.png 768w\" sizes=\"(max-width: 234px) 100vw, 234px\" \/><\/figure>\n<\/div>\n\n\n\n<div class=\"wp-block-column is-layout-flow wp-block-column-is-layout-flow\" style=\"padding-top:2em;padding-right:2em;padding-bottom:2em;padding-left:2em\">\n<div class=\"wp-block-uagb-advanced-heading uagb-block-f0626513\"><h6 class=\"uagb-heading-text\">Servicio t\u00e9cnico a domicilio para la electricidad en CABA<\/h6><\/div>\n\n\n\n<p><strong>CABA<\/strong>, Belgrano, Almagro, Balvanera, Villa del Parque, Villa Pueyrredon, Villa Urquiza, Villa Ortuzar, Colegiales, Chacarita, Nu\u00f1ez, Boedo, Saavedra, Recoleta, Microcentro, Retiro, Puerto Madero, Palermo (Palermo Soho y Palermo HollyWood), Las Ca\u00f1itas, Villa Devoto, San Telmo y Montserrat.<\/p>\n\n\n\n<figure class=\"wp-block-image size-full is-resized\"><img decoding=\"async\" src=\"https:\/\/delegargroup.com\/wp-content\/uploads\/2024\/04\/image-37-02-1.png\" alt=\"\" class=\"wp-image-2081\" width=\"251\" height=\"232\" srcset=\"https:\/\/delegargroup.com\/wp-content\/uploads\/2024\/04\/image-37-02-1.png 1005w, https:\/\/delegargroup.com\/wp-content\/uploads\/2024\/04\/image-37-02-1-300x276.png 300w, https:\/\/delegargroup.com\/wp-content\/uploads\/2024\/04\/image-37-02-1-768x708.png 768w\" sizes=\"(max-width: 251px) 100vw, 251px\" \/><\/figure>\n<\/div>\n<\/div>\n<\/div>\n","protected":false},"excerpt":{"rendered":"<p>Delegar Group 30 a\u00f1os de experiencia Con m\u00e1s de 30 a\u00f1os de experiencia, Delegar Group se ha consolidado como una empresa l\u00edder en el sector de mantenimiento y reparaciones urgentes en Buenos Aires. Durante estas tres d\u00e9cadas, hemos brindado un servicio de m\u00e1xima calidad y confiabilidad, estando disponibles los 7 d\u00edas de la semana y &hellip;<\/p>\n<p class=\"read-more\"> <a class=\"\" href=\"https:\/\/delegargroup.com\/index.php\/about-us\/\"> <span class=\"screen-reader-text\">Sobre nosotros<\/span> Leer m\u00e1s &raquo;<\/a><\/p>\n","protected":false},"author":1,"featured_media":0,"parent":0,"menu_order":0,"comment_status":"closed","ping_status":"closed","template":"","meta":{"om_disable_all_campaigns":false,"_uag_custom_page_level_css":"","_mi_skip_tracking":false,"_monsterinsights_sitenote_active":false,"_monsterinsights_sitenote_note":"","_monsterinsights_sitenote_category":0,"site-sidebar-layout":"default","site-content-layout":"page-builder","ast-global-header-display":"","ast-banner-title-visibility":"","ast-main-header-display":"","ast-hfb-above-header-display":"","ast-hfb-below-header-display":"","ast-hfb-mobile-header-display":"","site-post-title":"disabled","ast-breadcrumbs-content":"","ast-featured-img":"","footer-sml-layout":"","theme-transparent-header-meta":"","adv-header-id-meta":"","stick-header-meta":"","header-above-stick-meta":"","header-main-stick-meta":"","header-below-stick-meta":"","footnotes":""},"class_list":["post-1399","page","type-page","status-publish","hentry"],"aioseo_notices":[],"uagb_featured_image_src":{"full":false,"thumbnail":false,"medium":false,"medium_large":false,"large":false,"1536x1536":false,"2048x2048":false},"uagb_author_info":{"display_name":"delegargroup.com","author_link":"https:\/\/delegargroup.com\/index.php\/author\/delegargroup-com\/"},"uagb_comment_info":0,"uagb_excerpt":"Delegar Group 30 a\u00f1os de experiencia Con m\u00e1s de 30 a\u00f1os de experiencia, Delegar Group se ha consolidado como una empresa l\u00edder en el sector de mantenimiento y reparaciones urgentes en Buenos Aires. Durante estas tres d\u00e9cadas, hemos brindado un servicio de m\u00e1xima calidad y confiabilidad, estando disponibles los 7 d\u00edas de la semana y&hellip;","_links":{"self":[{"href":"https:\/\/delegargroup.com\/index.php\/wp-json\/wp\/v2\/pages\/1399","targetHints":{"allow":["GET"]}}],"collection":[{"href":"https:\/\/delegargroup.com\/index.php\/wp-json\/wp\/v2\/pages"}],"about":[{"href":"https:\/\/delegargroup.com\/index.php\/wp-json\/wp\/v2\/types\/page"}],"author":[{"embeddable":true,"href":"https:\/\/delegargroup.com\/index.php\/wp-json\/wp\/v2\/users\/1"}],"replies":[{"embeddable":true,"href":"https:\/\/delegargroup.com\/index.php\/wp-json\/wp\/v2\/comments?post=1399"}],"version-history":[{"count":26,"href":"https:\/\/delegargroup.com\/index.php\/wp-json\/wp\/v2\/pages\/1399\/revisions"}],"predecessor-version":[{"id":2355,"href":"https:\/\/delegargroup.com\/index.php\/wp-json\/wp\/v2\/pages\/1399\/revisions\/2355"}],"wp:attachment":[{"href":"https:\/\/delegargroup.com\/index.php\/wp-json\/wp\/v2\/media?parent=1399"}],"curies":[{"name":"wp","href":"https:\/\/api.w.org\/{rel}","templated":true}]}}